{"id":6,"date":"2021-03-10T11:37:08","date_gmt":"2021-03-10T10:37:08","guid":{"rendered":"https:\/\/www.paari.de\/karriere\/mesmerize\/"},"modified":"2026-02-20T14:56:39","modified_gmt":"2026-02-20T13:56:39","slug":"startseite","status":"publish","type":"page","link":"https:\/\/www.paari.de\/karriere\/","title":{"rendered":"Startseite"},"content":{"rendered":"<div  data-label=\"Fakten\" data-id=\"overlappable--2\" data-export-id=\"overlappable-6\" data-category=\"overlappable\" class=\"overlappable-6 content-section content-section-spacing\" data-overlap=\"true\" id=\"fakten\" style=\"background-color: rgb(255, 255, 255);\"><div  class=\"gridContainer\"> <div  data-type=\"row\" class=\"row shadow-medium\"><div  class=\"col-xs-12 col-sm-4 col-padding-small col-padding-small-xs white-text bg-color6\"> <div  class=\"row middle-xs\"><div  class=\"col-xs-12 col-sm-fit space-bottom-small-xs\"> <i  class=\"fa icon fa-group bordered round color-white\"><\/i><\/div> <div  data-type=\"column\" class=\"col-xs-12 col-sm\"><h4  class=\"\"><span  style=\"color: rgb(245, 247, 250);\">42 Mitarbeiter<\/span><\/h4> <\/div> <\/div><\/div> <div  class=\"col-xs-12 col-sm-4 col-padding-small col-padding-small-xs white-text bg-color6\"><div  class=\"row middle-xs\"> <div  class=\"col-xs-12 col-sm-fit space-bottom-small-xs\"><i  class=\"fa icon fa-address-card bordered round color-white\"><\/i><\/div> <div  data-type=\"column\" class=\"col-xs-12 col-sm\"><h4  class=\"\"><span  style=\"color: rgb(245, 247, 250);\">Familienunternehmen<\/span><\/h4> <\/div> <\/div><\/div> <div  class=\"col-xs-12 col-sm-4 col-padding-small col-padding-small-xs white-text bg-color6\"><div  class=\"row middle-xs\"> <div  class=\"col-xs-12 col-sm-fit space-bottom-small-xs\"><i  class=\"fa icon fa-angle-double-right bordered round color-white\"><\/i><\/div> <div  data-type=\"column\" class=\"col-xs-12 col-sm\"><h4  class=\"\"><span  style=\"color: rgb(245, 247, 250);\">Attraktiver Arbeitgeber<\/span><\/h4> <\/div> <\/div><\/div> <\/div><\/div> <\/div><div  data-label=\"PAARI\" data-id=\"about--2\" data-export-id=\"about-text-image\" data-category=\"about\" class=\"about-text-image content-section content-section-spacing\" id=\"paari\" style=\"background-color: rgb(245, 250, 253);\"><div  class=\"gridContainer\"> <div  class=\"row\"><div  class=\"col-sm-6 col-padding-small-xs col-sm-padding-large bg-color5 white-text content-col\" data-type=\"column\"> <h5  class=\"\">P3 \u2013 PAARI, PEOPLE, PLANET<\/h5> <h2  class=\"\">PAARI<\/h2> <p  class=\"\">Als international agierendes, mittelst\u00e4ndisches Unternehmen aus Th\u00fcringen sind wir&nbsp;Spezialist f\u00fcr branchenspezifische und integrative Automatisierungsl\u00f6sungen im Bereich Yard Management und W\u00e4getechnik. Wir wollen anwenderfreundliche L\u00f6sungen f\u00fcr W\u00e4ge- und Logistikprozesse entwickeln, die jeder Mensch sofort intuitiv bedienen kann und fokussieren genau das in unseren Prozessen und L\u00f6sungen: Sie sind einfach und klar. Wir wollen das Leben der Menschen bereichern.&nbsp;<br ><br >Unsere Mitarbeiter sind unser wertvollstes Kapital. Ihr Know-how, Ehrgeiz und ihre Verp\ufb02ichtung sind der Motor unseres Erfolgs und machen PAARI zu dem was es ist.&nbsp;<\/p><\/div> <div  class=\"col-sm-6 flexbox-strech center-xs middle-xs no-gutter-col\"><div  class=\"shadow-large overlap-left-large flexbox middle-xs center-xs right-img\" data-bg=\"image\" style=\"background-image: url(&quot;https:\/\/www.paari.de\/karriere\/wp-content\/uploads\/2024\/09\/cropped-IMG_3457.jpg_klein.jpg&quot;);\"><\/div><\/div> <\/div><\/div> <\/div><div  class=\"features-13 content-section content-section-spacing\" id=\"benefits\" style=\"background-image: none; background-color: rgb(255, 255, 255);\" data-label=\"Benefits\" data-id=\"features--1\" data-category=\"features\" data-export-id=\"features-13\"><div  class=\"gridContainer\"> <div  class=\"row text-center\"><div  class=\"section-title-col\" data-type=\"column\"> <h2  class=\"\">Gute Gr\u00fcnde sich f\u00fcr PAARI zu entscheiden<\/h2> <\/div> <\/div> <div  class=\"row spaced-cols\" data-type=\"row\">  <div  class=\"col col-sm-6 space-bottom col-md-4\"><i  class=\"fa icon fa-line-chart bordered round big color3\"><\/i> <h4  class=\"\">BRANCHE<\/h4> <p  class=\"\">Die gesamte Logistik-, Waagen- und IT-Branche befindet sich in einem kontinuierlichen und qualitativen Wachstum. W\u00e4hrend andere Unternehmen Stellen abbauen, soll und muss PAARI gr\u00f6\u00dfer werden. Wir bieten sichere Arbeitspl\u00e4tze in einem Wirtschaftsumfeld mit Entwicklung und Zukunft.&nbsp;<\/p> <\/div><div  class=\"col col-sm-6 space-bottom col-md-4\"><i  class=\"fa icon fa-group bordered round big color3\"><\/i> <h4  class=\"\">KOLLEGEN<\/h4> <p  class=\"\">Zusammen sind wir besser. Miteinander Ziele zu erreichen, das realisieren wir t\u00e4glich. Jeder Einzelne hat seine St\u00e4rken, Schw\u00e4chen und Ideen. Damit ergibt sich eine gro\u00dfe Kompetenz bei der Bearbeitung von Projekten. Wir arbeiten nicht nur zusammen, wir feiern auch zusammen bei verschiedenen Firmenevents.&nbsp;<\/p> <\/div><div  class=\"col col-sm-6 space-bottom col-md-4\"><i  class=\"fa icon fa-check-circle bordered round big color3\"><\/i> <h4  class=\"\">BENEFITS<\/h4> <p  class=\"\">Wir glauben, es arbeitet sich besser und entspannter, wenn die Rahmenbedingungen f\u00fcr heute und sp\u00e4ter passen. Bei uns ist die Balance zwischen Beruf und Familie kein leeres Versprechen, sondern gelebte Realist\u00e4t. Zudem&nbsp;unterst\u00fctzen wir unsere Mitarbeiter mit weiteren attraktiven Benefits.&nbsp;<\/p> <\/div>   <\/div><\/div> <\/div><div  class=\"cta-blue-section content-section content-section-spacing-medium bg-color1 white-text\" id=\"zu-den-stellen\" data-label=\"zu den Stellen\" data-id=\"cta-blue-section\" data-category=\"cta\" data-export-id=\"cta-blue-section\" style=\"background-image: none; background-color: rgb(52, 58, 64);\"><div  class=\"gridContainer\"> <div  class=\"row middle-xs\"><div  class=\"col-sm-8 space-bottom-xs\" data-type=\"column\"> <h2  class=\"\">Werde Teil von PAARI und bringe deine Ideen und Impulse mit ein. Zusammen sind wir besser!<\/h2> <\/div> <div  class=\"col-sm-4 end-sm\" data-type=\"column\"> <a class=\"button big color3\" href=\"https:\/\/karriere.paari.de\/de\" target=\"_blank\" rel=\"noopener\" data-cp-link=\"1\" data-icon=\"fa-hand-o-right\"><span  class=\"button-icon fa fa-hand-o-right\"><\/span>Unsere Stellenangebote f\u00fcr DICH!<\/a><\/div> <\/div><\/div> <\/div><div  data-label=\"PAARI Film\" data-id=\"about--1\" data-export-id=\"about-2\" data-category=\"about\" class=\"about-2 content-section content-section-spacing content-relative\" id=\"paari-film\" style=\"background-color: rgb(245, 250, 253);\"><div  class=\"gridContainer\"> <div  class=\"row\"><div  class=\"col-sm-6 no-gutter-col flexbox-strech center-xs middle-xs\"> <div  class=\"lightbox-video dark-overlay shadow-large overlap-right-large flexbox middle-xs center-xs\" data-type=\"group\" data-bg=\"image\" style=\"background-image: url(&quot;https:\/\/www.paari.de\/karriere\/wp-content\/uploads\/2024\/06\/cropped-Paari-GmbH-1-klein.jpg&quot;);\"> <a  data-fancybox=\"\" data-video-lightbox=\"true\" href=\"https:\/\/www.youtube.com\/watch?v=G_QMatnQITE\" class=\"\"> <i  data-cp-fa=\"true\" class=\"fa video-icon fa-play-circle-o color-white\"><\/i><\/a> <\/div><\/div> <div  class=\"col-sm-6 space-bottom-xs col-padding-small-xs col-sm-padding-large white-text content-col bg-color5\" data-type=\"column\"><h5  class=\"\">P3 \u2013 PAARI, PEOPLE, PLANET<\/h5> <h2  class=\"\">PEOPLE<\/h2> <p  class=\"\">Unser Erfolg ist das Ergebnis des Know-hows und der Hingabe unserer Mitarbeiter. Sie machen PAARI zu dem, was es ist. Unsere Arbeitsatmosph\u00e4re? Vertrauensvoll, partnerschaftlich und gepr\u00e4gt von kurzen Entscheidungswegen.<br ><br >Tauche ein in die Welt der PAARI GmbH und erfahre aus erster Hand, was es bedeutet, Teil unseres dynamischen Teams zu sein! Unsere Mitarbeiter erz\u00e4hlen von ihren pers\u00f6nlichen Erfahrungen und geben einen exklusiven Einblick in ihren Arbeitsalltag. Erlebe, wie ein erster Tag bei PAARI abl\u00e4uft, welche spannenden Herausforderungen auf Dich warten und warum unsere Kollegen sich f\u00fcr uns entschieden haben.<\/p><\/div> <\/div><\/div> <\/div><div  data-label=\"zu den Stellen\" data-id=\"cta--1\" data-export-id=\"cta-blue-section\" data-category=\"cta\" class=\"cta-blue-section content-section content-section-spacing-medium bg-color1 white-text\" id=\"zu-den-stellen-1\" style=\"background-image: none; background-color: rgb(52, 58, 64);\"><div  class=\"gridContainer\"> <div  class=\"row middle-xs\"><div  class=\"col-sm-8 space-bottom-xs\" data-type=\"column\"> <h2  class=\"\">Bist Du bereit mit uns in die Zukunft zu starten? Dann lass uns gemeinsam gro\u00dfartige Dinge bewegen.<\/h2> <\/div> <div  class=\"col-sm-4 end-sm\" data-type=\"column\"> <a class=\"button color3\" href=\"https:\/\/karriere.paari.de\/de\" target=\"_blank\" data-cp-link=\"1\" data-icon=\"fa-hand-o-right\" rel=\"noopener\"><span  class=\"button-icon fa fa-hand-o-right\"><\/span>Unsere Stellenangebote f\u00fcr DICH!<\/a><\/div> <\/div><\/div> <\/div><div  data-label=\"Nachhaltigkeit\" data-id=\"about--3\" data-export-id=\"about-text-image\" data-category=\"about\" class=\"about-text-image content-section content-section-spacing\" id=\"nachhaltigkeit\" style=\"background-color: rgb(245, 250, 253);\"><div  class=\"gridContainer\"> <div  class=\"row\"><div  class=\"col-sm-6 col-padding-small-xs col-sm-padding-large bg-color5 white-text content-col\" data-type=\"column\"> <h5  class=\"\">P3 \u2013 PAARI, PEOPLE, PLANET<\/h5> <h2  class=\"\">PLANET<\/h2> <p  class=\"\">Umweltschutz ist eines der gr\u00f6\u00dften gesellschaftlichen Herausforderungen<br >\r\nder aktuellen Zeit. Das PAARI Produktportfolio realisiert nachhaltige Prozesse. Doch nicht nur mit unseren Systemen leisten wir einen aktiven Beitrag zur Erhaltung und Schonung nat\u00fcrlicher Ressourcen, sondern auch mit unseren Aktionen.&nbsp; Jedes Jahr unterst\u00fctzen wir die Hamburger Aktion Baum \u2013 Non-Profit Organisation und pflanzen f\u00fcr jedes Terminal und jede Waage, die unsere Kunden in Auftrag geben, einen Baum.&nbsp;\r\n<br ><br >Auch mit anderen Aktionen wie beispielsweise dem Recycling unserer Druckerpatronen f\u00fcr einen guten Zweck oder die Bepflanzung eines Bl\u00fchstreifens stehen wir f\u00fcr Nachhaltigkeit und Umweltschutz. Getreu dem Motto: There is no planet B!<\/p><\/div> <div  class=\"col-sm-6 flexbox-strech center-xs middle-xs no-gutter-col\"><div  class=\"shadow-large overlap-left-large flexbox middle-xs center-xs right-img\" data-bg=\"image\" style=\"background-image: url(&quot;https:\/\/www.paari.de\/karriere\/wp-content\/uploads\/2024\/07\/iStock_000010776268_Aktion-Baum.jpg&quot;);\"><\/div><\/div> <\/div><\/div> <\/div><div  data-label=\"Kontakt\" data-id=\"content--2\" data-export-id=\"content-12\" data-category=\"content\" class=\"content-12 content-section content-section-spacing content-relative\" id=\"kontakt\" style=\"background-color: rgb(255, 255, 255);\" data-section-ov=\"1\"><div  class=\"section-separator-top\">\r\n    <svg  xmlns=\"http:\/\/www.w3.org\/2000\/svg\" viewBox=\"0 0 283.5 27.8\" preserveAspectRatio=\"none\" data-separator-name=\"wave-brush\" class=\"section-separator-top\">\r\n\t<path  class=\"svg-white-bg\" d=\"M283.5,9.7c0,0-7.3,4.3-14,4.6c-6.8,0.3-12.6,0-20.9-1.5c-11.3-2-33.1-10.1-44.7-5.7\ts-12.1,4.6-18,7.4c-6.6,3.2-20,9.6-36.6,9.3C131.6,23.5,99.5,7.2,86.3,8c-1.4,0.1-6.6,0.8-10.5,2c-3.8,1.2-9.4,3.8-17,4.7\tc-3.2,0.4-8.3,1.1-14.2,0.9c-1.5-0.1-6.3-0.4-12-1.6c-5.7-1.2-11-3.1-15.8-3.7C6.5,9.2,0,10.8,0,10.8V0h283.5V9.7z M260.8,11.3\tc-0.7-1-2-0.4-4.3-0.4c-2.3,0-6.1-1.2-5.8-1.1c0.3,0.1,3.1,1.5,6,1.9C259.7,12.2,261.4,12.3,260.8,11.3z M242.4,8.6\tc0,0-2.4-0.2-5.6-0.9c-3.2-0.8-10.3-2.8-15.1-3.5c-8.2-1.1-15.8,0-15.1,0.1c0.8,0.1,9.6-0.6,17.6,1.1c3.3,0.7,9.3,2.2,12.4,2.7\tC239.9,8.7,242.4,8.6,242.4,8.6z M185.2,8.5c1.7-0.7-13.3,4.7-18.5,6.1c-2.1,0.6-6.2,1.6-10,2c-3.9,0.4-8.9,0.4-8.8,0.5\tc0,0.2,5.8,0.8,11.2,0c5.4-0.8,5.2-1.1,7.6-1.6C170.5,14.7,183.5,9.2,185.2,8.5z M199.1,6.9c0.2,0-0.8-0.4-4.8,1.1\tc-4,1.5-6.7,3.5-6.9,3.7c-0.2,0.1,3.5-1.8,6.6-3C197,7.5,199,6.9,199.1,6.9z M283,6c-0.1,0.1-1.9,1.1-4.8,2.5s-6.9,2.8-6.7,2.7\tc0.2,0,3.5-0.6,7.4-2.5C282.8,6.8,283.1,5.9,283,6z M31.3,11.6c0.1-0.2-1.9-0.2-4.5-1.2s-5.4-1.6-7.8-2C15,7.6,7.3,8.5,7.7,8.6\tC8,8.7,15.9,8.3,20.2,9.3c2.2,0.5,2.4,0.5,5.7,1.6S31.2,11.9,31.3,11.6z M73,9.2c0.4-0.1,3.5-1.6,8.4-2.6c4.9-1.1,8.9-0.5,8.9-0.8\tc0-0.3-1-0.9-6.2-0.3S72.6,9.3,73,9.2z M71.6,6.7C71.8,6.8,75,5.4,77.3,5c2.3-0.3,1.9-0.5,1.9-0.6c0-0.1-1.1-0.2-2.7,0.2\tC74.8,5.1,71.4,6.6,71.6,6.7z M93.6,4.4c0.1,0.2,3.5,0.8,5.6,1.8c2.1,1,1.8,0.6,1.9,0.5c0.1-0.1-0.8-0.8-2.4-1.3\tC97.1,4.8,93.5,4.2,93.6,4.4z M65.4,11.1c-0.1,0.3,0.3,0.5,1.9-0.2s2.6-1.3,2.2-1.2s-0.9,0.4-2.5,0.8C65.3,10.9,65.5,10.8,65.4,11.1\tz M34.5,12.4c-0.2,0,2.1,0.8,3.3,0.9c1.2,0.1,2,0.1,2-0.2c0-0.3-0.1-0.5-1.6-0.4C36.6,12.8,34.7,12.4,34.5,12.4z M152.2,21.1\tc-0.1,0.1-2.4-0.3-7.5-0.3c-5,0-13.6-2.4-17.2-3.5c-3.6-1.1,10,3.9,16.5,4.1C150.5,21.6,152.3,21,152.2,21.1z\"><\/path>\r\n\t<path  class=\"svg-white-bg\" d=\"M269.6,18c-0.1-0.1-4.6,0.3-7.2,0c-7.3-0.7-17-3.2-16.6-2.9c0.4,0.3,13.7,3.1,17,3.3\tC267.7,18.8,269.7,18,269.6,18z\"><\/path>\r\n\t<path  class=\"svg-white-bg\" d=\"M227.4,9.8c-0.2-0.1-4.5-1-9.5-1.2c-5-0.2-12.7,0.6-12.3,0.5c0.3-0.1,5.9-1.8,13.3-1.2\tS227.6,9.9,227.4,9.8z\"><\/path>\r\n\t<path  class=\"svg-white-bg\" d=\"M204.5,13.4c-0.1-0.1,2-1,3.2-1.1c1.2-0.1,2,0,2,0.3c0,0.3-0.1,0.5-1.6,0.4\tC206.4,12.9,204.6,13.5,204.5,13.4z\"><\/path>\r\n\t<path  class=\"svg-white-bg\" d=\"M201,10.6c0-0.1-4.4,1.2-6.3,2.2c-1.9,0.9-6.2,3.1-6.1,3.1c0.1,0.1,4.2-1.6,6.3-2.6\tS201,10.7,201,10.6z\"><\/path>\r\n\t<path  class=\"svg-white-bg\" d=\"M154.5,26.7c-0.1-0.1-4.6,0.3-7.2,0c-7.3-0.7-17-3.2-16.6-2.9c0.4,0.3,13.7,3.1,17,3.3\tC152.6,27.5,154.6,26.8,154.5,26.7z\"><\/path>\r\n\t<path  class=\"svg-white-bg\" d=\"M41.9,19.3c0,0,1.2-0.3,2.9-0.1c1.7,0.2,5.8,0.9,8.2,0.7c4.2-0.4,7.4-2.7,7-2.6\tc-0.4,0-4.3,2.2-8.6,1.9c-1.8-0.1-5.1-0.5-6.7-0.4S41.9,19.3,41.9,19.3z\"><\/path>\r\n\t<path  class=\"svg-white-bg\" d=\"M75.5,12.6c0.2,0.1,2-0.8,4.3-1.1c2.3-0.2,2.1-0.3,2.1-0.5c0-0.1-1.8-0.4-3.4,0\tC76.9,11.5,75.3,12.5,75.5,12.6z\"><\/path>\r\n\t<path  class=\"svg-white-bg\" d=\"M15.6,13.2c0-0.1,4.3,0,6.7,0.5c2.4,0.5,5,1.9,5,2c0,0.1-2.7-0.8-5.1-1.4\tC19.9,13.7,15.7,13.3,15.6,13.2z\"><\/path>\r\n<\/svg>\r\n<\/div><div  class=\"gridContainer\"> <div  class=\"row text-center\"><div  class=\"section-title-col\" data-type=\"column\"> <h2  class=\"\">Noch Fragen ?<\/h2> <p  class=\"lead\">Du hast Fragen und W\u00fcnsche? Dann sprich offen und ehrlich mit uns.\r\n<br ><br >Sende Deine Anfrage an bewerbung@paari.de<\/p><\/div> <\/div> <div  class=\"row center-xs middle-xs\"> <div  class=\"col-sm-9\" data-type=\"column\"> <\/div> <\/div><\/div> <\/div>","protected":false},"excerpt":{"rendered":"<p>42 Mitarbeiter Familienunternehmen Attraktiver Arbeitgeber P3 \u2013 PAARI, PEOPLE, PLANET PAARI Als international agierendes, mittelst\u00e4ndisches Unternehmen aus Th\u00fcringen sind wir&nbsp;Spezialist f\u00fcr branchenspezifische und integrative Automatisierungsl\u00f6sungen im Bereich Yard Management und W\u00e4getechnik. Wir wollen anwenderfreundliche L\u00f6sungen f\u00fcr W\u00e4ge- und Logistikprozesse entwickeln, die jeder Mensch sofort intuitiv bedienen kann und fokussieren genau das in unseren Prozessen und&hellip; <br \/> <a class=\"read-more\" href=\"https:\/\/www.paari.de\/karriere\/\">Weiterlesen<\/a><\/p>\n","protected":false},"author":2,"featured_media":0,"parent":0,"menu_order":0,"comment_status":"closed","ping_status":"closed","template":"page-templates\/homepage.php","meta":{"footnotes":""},"class_list":["post-6","page","type-page","status-publish","hentry"],"_links":{"self":[{"href":"https:\/\/www.paari.de\/karriere\/wp-json\/wp\/v2\/pages\/6","targetHints":{"allow":["GET"]}}],"collection":[{"href":"https:\/\/www.paari.de\/karriere\/wp-json\/wp\/v2\/pages"}],"about":[{"href":"https:\/\/www.paari.de\/karriere\/wp-json\/wp\/v2\/types\/page"}],"author":[{"embeddable":true,"href":"https:\/\/www.paari.de\/karriere\/wp-json\/wp\/v2\/users\/2"}],"replies":[{"embeddable":true,"href":"https:\/\/www.paari.de\/karriere\/wp-json\/wp\/v2\/comments?post=6"}],"version-history":[{"count":69,"href":"https:\/\/www.paari.de\/karriere\/wp-json\/wp\/v2\/pages\/6\/revisions"}],"predecessor-version":[{"id":1079,"href":"https:\/\/www.paari.de\/karriere\/wp-json\/wp\/v2\/pages\/6\/revisions\/1079"}],"wp:attachment":[{"href":"https:\/\/www.paari.de\/karriere\/wp-json\/wp\/v2\/media?parent=6"}],"curies":[{"name":"wp","href":"https:\/\/api.w.org\/{rel}","templated":true}]}}